{"id":28,"date":"2022-07-26T23:59:00","date_gmt":"2022-07-26T23:59:00","guid":{"rendered":"https:\/\/perearsthirve.eu\/?page_id=28"},"modified":"2023-10-10T10:10:49","modified_gmt":"2023-10-10T10:10:49","slug":"teenused-ja-hinnakiri","status":"publish","type":"page","link":"https:\/\/perearsthirve.eu\/?page_id=28","title":{"rendered":"Teenused ja hinnakiri"},"content":{"rendered":"\n<div class=\"wp-block-columns is-layout-flex wp-container-core-columns-is-layout-9d6595d7 wp-block-columns-is-layout-flex\">\n<div class=\"wp-block-column is-layout-flow wp-block-column-is-layout-flow\">\n<p class=\"has-large-font-size\"><strong>Teenused:<\/strong><\/p>\n\n\n\n<div style=\"height:30px\" aria-hidden=\"true\" class=\"wp-block-spacer\"><\/div>\n\n\n\n<ul class=\"coblocks-animate wp-block-list\" data-coblocks-animation=\"slideInBottom\">\n<li>Perearsti vastuv\u00f5tt<\/li>\n\n\n\n<li>Pere\u00f5e vastuv\u00f5tt<\/li>\n\n\n\n<li>Koduvisiit<\/li>\n\n\n\n<li>Diagnostilised ja raviprotseduurid:\n<ul class=\"wp-block-list\">\n<li>EKG<\/li>\n\n\n\n<li>Verer\u00f5hu m\u00f5\u00f5tmine<\/li>\n\n\n\n<li>Vereanal\u00fc\u00fcside v\u00f5tmine<\/li>\n\n\n\n<li>S\u00fcstimine pehmetesse kudedesse<\/li>\n\n\n\n<li>Bakterioloogiliste k\u00fclvide v\u00f5tmine<\/li>\n\n\n\n<li>G\u00fcnekoloogiliste anal\u00fc\u00fcside v\u00f5tmine<\/li>\n\n\n\n<li>Uriini anal\u00fc\u00fcsi m\u00e4\u00e4ramine testribaga<\/li>\n\n\n\n<li>Veresuhkru m\u00e4\u00e4ramine gl\u00fckomeetriga<\/li>\n\n\n\n<li>Sidumine<\/li>\n\n\n\n<li>Siidide eemaldamine<\/li>\n\n\n\n<li>Laste vaktsineerimine vastavalt vaktsineerimiskalendrile<\/li>\n\n\n\n<li>Immuniseerimine tervetele isikutele<\/li>\n\n\n\n<li>Puugi eemaldamine<\/li>\n\n\n\n<li>N\u00f5ustamine<\/li>\n<\/ul>\n<\/li>\n<\/ul>\n<\/div>\n<\/div>\n\n\n\n<div style=\"height:60px\" aria-hidden=\"true\" class=\"wp-block-spacer\"><\/div>\n\n\n\n<p class=\"has-large-font-size\"><strong>Hinnakiri:<\/strong><\/p>\n\n\n\n<div style=\"height:30px\" aria-hidden=\"true\" class=\"wp-block-spacer\"><\/div>\n\n\n\n<p class=\"coblocks-animate\" data-coblocks-animation=\"slideInBottom\"><strong>Vastuv\u00f5tt:<\/strong><br>Kindlustamata ja\/v\u00f5i nimistusse kandmata patsiendi arsti vastuv\u00f5tt &#8211; <strong>50.00 \u20ac<\/strong><br>Lisanduvad anal\u00fc\u00fcsid vastavalt labori hinnakirjale<br>Kindlustamata ja\/v\u00f5i nimistusse kandmata patsiendi korduv arsti vastuv\u00f5tt &#8211; <strong>30.00 \u20ac<\/strong><br>Kindlustamata ja\/v\u00f5i nimistusse kandmata patsiendi pere\u00f5e vastuv\u00f5tt &#8211; <strong>30.00 \u20ac<\/strong><br>Kindlustamata nimistusse kantud patsiendi vastuv\u00f5tt retsepti kirjutamiseks &#8211; <strong>15.00 \u20ac<\/strong><\/p>\n\n\n\n<div style=\"height:30px\" aria-hidden=\"true\" class=\"wp-block-spacer\"><\/div>\n\n\n\n<p class=\"coblocks-animate\" data-coblocks-animation=\"slideInBottom\"><strong>Koduvisiidid:<\/strong><br>Perearsti koduvisiit kindlustatud ja nimistu patsiendile &#8211; <strong>5.00 \u20ac<\/strong><br>Pere\u00f5e koduvisiit kindlustatud ja nimistu patsiendile &#8211; <strong>5.00 \u20ac<\/strong><br>Kindlustamata ja\/v\u00f5i nimistusse kandmata patsiendi koduvisiit &#8211; <strong>100.00 \u20ac<\/strong><\/p>\n\n\n\n<div style=\"height:30px\" aria-hidden=\"true\" class=\"wp-block-spacer\"><\/div>\n\n\n\n<div class=\"wp-block-group\"><div class=\"wp-block-group__inner-container is-layout-flow wp-block-group-is-layout-flow\">\n<p class=\"coblocks-animate\" data-coblocks-animation=\"slideInBottom\"><strong>T\u00f5endite vormistamine:<\/strong><br>Mootors\u00f5iduki juhiloa taotlemine digitaalse tervisedeklaratsiooniga (<strong>B<\/strong>-kat.) &#8211; <strong>45.00 \u20ac<\/strong><br>Mootors\u00f5iduki juhiloa taotlemine paberkandjal deklaratsiooniga &#8211; <strong>40.00 \u20ac<\/strong><br>Mootors\u00f5iduki juhiloa taotlemine digitaalse tervisedeklaratsiooniga (K\u00f5ik kat.) &#8211; <strong>55.00 \u20ac<\/strong><br>(Pension\u00e4ridele B-kat. <strong>50.00 \u20ac,<\/strong> professionaalne <strong>55.00-65.00 <strong>\u20ac<\/strong><\/strong>.)<\/p>\n\n\n\n<p class=\"coblocks-animate\" data-coblocks-animation=\"slideInBottom\">Terviset\u00f5end (ilma r\u00f6ntgenita) &#8211; <strong>20.00 \u20ac<\/strong><br>Terviset\u00f5end (sisaldab kopsu r\u00f6ntgenit) &#8211; <strong>40.00 \u20ac<\/strong><br>Terviset\u00f5end (sisaldab bakteriaalseid anal\u00fc\u00fcse) &#8211; <strong>54.00 \u20ac<\/strong><br>Terviset\u00f5end (sisaldab kopsu r\u00f6ntgenit + bakteriaalset k\u00fclvi) &#8211; <strong>95.00 \u20ac<\/strong><br>(hind muutub vastavalt HK hinnakirja muudatustele)<br>T\u00f5end relvaloa v\u00f5i abipolitseiniku taotlemiseks &#8211; <strong>40.00 \u20ac<\/strong><br>Reservv\u00e4e ja kaitseliidu t\u00f5end &#8211; <strong>25.00 \u20ac<\/strong><br>Kindlustusdokumentide vormistamine (pangale, turismi- ja kindlustusfirmale) &#8211; <strong>30.00 \u20ac<\/strong><br>V\u00f5\u00f5rkeelne t\u00f5end (inglise, vene) &#8211; <strong>30.00 \u20ac<\/strong><br>T\u00f5end (ujulasse, laagrisse, autosport, t\u00f6\u00f6tukassale) &#8211; <strong>20.00 \u20ac<\/strong><br>Koopia tervisekaardist patsiendi soovil &#8211; <strong>10.00 \u20ac<\/strong><br>Dokumendi dublikaadi v\u00e4ljastamine &#8211; <strong>5.00 \u20ac<\/strong><\/p>\n<\/div><\/div>\n\n\n\n<div style=\"height:30px\" aria-hidden=\"true\" class=\"wp-block-spacer\"><\/div>\n\n\n\n<p class=\"coblocks-animate\" data-coblocks-animation=\"slideInBottom\"><strong>Vaktsineerimine:<\/strong><br>Puukentsefaliit &#8211; <strong>30.00 \u20ac<\/strong><br>Gripivaktsiin &#8211; <strong>15.00 \u20ac<\/strong><br>Vaktsineerimispassi dublikaadi vormistamine &#8211; <strong>10.00 \u20ac<\/strong><\/p>\n\n\n\n<div style=\"height:30px\" aria-hidden=\"true\" class=\"wp-block-spacer\"><\/div>\n\n\n\n<p class=\"coblocks-animate\" data-coblocks-animation=\"slideInBottom\"><strong>Anal\u00fc\u00fcsid, uuringud jm. patsiendi soovil:<\/strong><br>Kliiniline veri &#8211; <strong>10.00 \u20ac<\/strong><br>Veregrupp + Rh-faktor &#8211; <strong>20.00 \u20ac<\/strong><br>Veresuhkur testribaga &#8211; <strong>5.00 \u20ac<\/strong><br>CRV (p\u00f5letikumarker) &#8211; <strong>10.00 \u20ac<\/strong><br>HIV &#8211; <strong>10.00 \u20ac<\/strong><br>Kopsur\u00f6ntgen &#8211; <strong>18.00 \u20ac<\/strong><br>EKG &#8211; <strong>18.00 \u20ac<\/strong><br>K\u00f5rvaloputus &#8211; <strong>15.00 <strong>\u20ac<\/strong><\/strong><br>Valuvaigistav s\u00fcst &#8211; <strong>60.00 + 7.00 <strong>\u20ac<\/strong><\/strong><\/p>\n\n\n\n<div style=\"height:48px\" aria-hidden=\"true\" class=\"wp-block-spacer\"><\/div>\n\n\n\n<div class=\"wp-block-group\"><div class=\"wp-block-group__inner-container is-layout-flow wp-block-group-is-layout-flow\">\n<div class=\"wp-block-group\"><div class=\"wp-block-group__inner-container is-layout-flow wp-block-group-is-layout-flow\"><\/div><\/div>\n<\/div><\/div>\n","protected":false},"excerpt":{"rendered":"<p>Teenused: Hinnakiri: Vastuv\u00f5tt:Kindlustamata ja\/v\u00f5i nimistusse kandmata patsiendi arsti vastuv\u00f5tt &#8211; 50.00 \u20acLisanduvad anal\u00fc\u00fcsid vastavalt labori hinnakirjaleKindlustamata ja\/v\u00f5i nimistusse kandmata patsiendi korduv arsti vastuv\u00f5tt &#8211; 30.00 \u20acKindlustamata ja\/v\u00f5i nimistusse kandmata patsiendi pere\u00f5e vastuv\u00f5tt &#8211; 30.00 \u20acKindlustamata nimistusse kantud patsiendi vastuv\u00f5tt retsepti kirjutamiseks &#8211; 15.00 \u20ac Koduvisiidid:Perearsti koduvisiit kindlustatud ja nimistu patsiendile &#8211; 5.00 \u20acPere\u00f5e koduvisiit kindlustatud&hellip;&nbsp;<a href=\"https:\/\/perearsthirve.eu\/?page_id=28\" class=\"\" rel=\"bookmark\">Read More &raquo;<span class=\"screen-reader-text\">Teenused ja hinnakiri<\/span><\/a><\/p>\n","protected":false},"author":1,"featured_media":0,"parent":0,"menu_order":0,"comment_status":"closed","ping_status":"closed","template":"","meta":{"_coblocks_attr":"","_coblocks_dimensions":"","_coblocks_responsive_height":"","_coblocks_accordion_ie_support":"","neve_meta_sidebar":"","neve_meta_container":"","neve_meta_enable_content_width":"","neve_meta_content_width":0,"neve_meta_title_alignment":"","neve_meta_author_avatar":"","neve_post_elements_order":"","neve_meta_disable_header":"","neve_meta_disable_footer":"","neve_meta_disable_title":"","footnotes":""},"class_list":["post-28","page","type-page","status-publish","hentry"],"_links":{"self":[{"href":"https:\/\/perearsthirve.eu\/index.php?rest_route=\/wp\/v2\/pages\/28","targetHints":{"allow":["GET"]}}],"collection":[{"href":"https:\/\/perearsthirve.eu\/index.php?rest_route=\/wp\/v2\/pages"}],"about":[{"href":"https:\/\/perearsthirve.eu\/index.php?rest_route=\/wp\/v2\/types\/page"}],"author":[{"embeddable":true,"href":"https:\/\/perearsthirve.eu\/index.php?rest_route=\/wp\/v2\/users\/1"}],"replies":[{"embeddable":true,"href":"https:\/\/perearsthirve.eu\/index.php?rest_route=%2Fwp%2Fv2%2Fcomments&post=28"}],"version-history":[{"count":5,"href":"https:\/\/perearsthirve.eu\/index.php?rest_route=\/wp\/v2\/pages\/28\/revisions"}],"predecessor-version":[{"id":197,"href":"https:\/\/perearsthirve.eu\/index.php?rest_route=\/wp\/v2\/pages\/28\/revisions\/197"}],"wp:attachment":[{"href":"https:\/\/perearsthirve.eu\/index.php?rest_route=%2Fwp%2Fv2%2Fmedia&parent=28"}],"curies":[{"name":"wp","href":"https:\/\/api.w.org\/{rel}","templated":true}]}}