{"id":68,"date":"2022-08-14T08:00:00","date_gmt":"2022-08-14T08:00:00","guid":{"rendered":"https:\/\/perearsthirve.eu\/?page_id=68"},"modified":"2022-09-02T16:43:07","modified_gmt":"2022-09-02T16:43:07","slug":"vastuvotule-tulemine","status":"publish","type":"page","link":"https:\/\/perearsthirve.eu\/?page_id=68","title":{"rendered":"Vastuv\u00f5tule tulemine"},"content":{"rendered":"\n<p>Perearsti v\u00f5i pere\u00f5e vastuv\u00f5tule palume alati ette registreerida telefonil +372 6011525 v\u00f5i +372 5132749. Kui vastuv\u00f5tule tuleb mitu isikut \u00fchest perekonnast, palume panna vastuv\u00f5tuaeg igale pereliikmele (k.a. igale lapsele). Vastuv\u00f5tule registreerunud patsiente p\u00fc\u00fcame teenindada v\u00f5imalikult \u00f5igeaegselt. Meilidele vastame esimsel v\u00f5imalusel, aga palun arvestada, et meilidele v\u00f5ib vastus tulla ka alles 3 t\u00f6\u00f6p\u00e4eva jooksul. Meilile saab j\u00e4tta informatsiooni ja k\u00fcsimusi, mis ei vaja kiiret lahendust. Vastuv\u00f5tu aja registreerimise soov meilile on siis sobilik, kui sobivad k\u00f5ik meie poolt pakutud ajad. Pikka meilisuhtlust sobiva aja leidmiseks ei ole m\u00f5istlik pidada.<br>\u00c4gedalt haigestunud patsiendid saavad vastuv\u00f5tule perearstikeskusesse p\u00f6\u00f6rdumise p\u00e4eval. Kui olete ootamatult haigestunud ja soovite vastuv\u00f5tule saada samal p\u00e4eval, palume ka sellisel juhul ette helistada \u2013 v\u00f5ib-olla on samal p\u00e4eval veel vabu vastuv\u00f5tu aegu v\u00f5i on keegi oma ajast loobunud, pere\u00f5de p\u00fc\u00fcab igal juhul leida Teile vastuv\u00f5tu jooksul sellist aega, et peaksite v\u00f5imalikult l\u00fchidalt ooteruumis viibima. \u00c4gedalt haigestunud patsienti v\u00f5ib vastu v\u00f5tta nii perearst kui pere\u00f5de.<br>Kui Teil on vastuv\u00f5tule aeg kinni pandud, kuid mingil p\u00f5hjusel Te vastuv\u00f5tule tulla ei saa, palume sellest teada anda (samuti telefonil +372 6011525).<br>Reeglina tegeleme \u00fche vastuv\u00f5tu jooksul \u00fche probleemiga.<br>Kui Teil on oma tervisliku seisundi kohta palju k\u00fcsimusi, on soovitatav need eelnevalt kodus kirja panna \u2013 sedasi ei ole ohtu, et midagi meelest ununeks ning perearst v\u00f5i pere\u00f5de saab murekohtadest kiire \u00fclevaate. V\u00f5imalik, et k\u00f5ikide k\u00fcsimustega ei tegeleta \u00fche vastuv\u00f5tu jooksul, vajadusel saab teha plaani nendega tegelemiseks.<br>Vastuv\u00f5tule tulles palume riietuda selliselt, et vajaduse korral oleks lahtiriietumine kiire ja mugav.<\/p>\n","protected":false},"excerpt":{"rendered":"<p>Perearsti v\u00f5i pere\u00f5e vastuv\u00f5tule palume alati ette registreerida telefonil +372 6011525 v\u00f5i +372 5132749. Kui vastuv\u00f5tule tuleb mitu isikut \u00fchest perekonnast, palume panna vastuv\u00f5tuaeg igale pereliikmele (k.a. igale lapsele). Vastuv\u00f5tule registreerunud patsiente p\u00fc\u00fcame teenindada v\u00f5imalikult \u00f5igeaegselt. Meilidele vastame esimsel v\u00f5imalusel, aga palun arvestada, et meilidele v\u00f5ib vastus tulla ka alles 3 t\u00f6\u00f6p\u00e4eva jooksul. Meilile saab&hellip;&nbsp;<a href=\"https:\/\/perearsthirve.eu\/?page_id=68\" class=\"\" rel=\"bookmark\">Read More &raquo;<span class=\"screen-reader-text\">Vastuv\u00f5tule tulemine<\/span><\/a><\/p>\n","protected":false},"author":1,"featured_media":0,"parent":0,"menu_order":0,"comment_status":"closed","ping_status":"closed","template":"","meta":{"_coblocks_attr":"","_coblocks_dimensions":"","_coblocks_responsive_height":"","_coblocks_accordion_ie_support":"","neve_meta_sidebar":"","neve_meta_container":"","neve_meta_enable_content_width":"","neve_meta_content_width":0,"neve_meta_title_alignment":"","neve_meta_author_avatar":"","neve_post_elements_order":"","neve_meta_disable_header":"","neve_meta_disable_footer":"","neve_meta_disable_title":"","footnotes":""},"class_list":["post-68","page","type-page","status-publish","hentry"],"_links":{"self":[{"href":"https:\/\/perearsthirve.eu\/index.php?rest_route=\/wp\/v2\/pages\/68","targetHints":{"allow":["GET"]}}],"collection":[{"href":"https:\/\/perearsthirve.eu\/index.php?rest_route=\/wp\/v2\/pages"}],"about":[{"href":"https:\/\/perearsthirve.eu\/index.php?rest_route=\/wp\/v2\/types\/page"}],"author":[{"embeddable":true,"href":"https:\/\/perearsthirve.eu\/index.php?rest_route=\/wp\/v2\/users\/1"}],"replies":[{"embeddable":true,"href":"https:\/\/perearsthirve.eu\/index.php?rest_route=%2Fwp%2Fv2%2Fcomments&post=68"}],"version-history":[{"count":2,"href":"https:\/\/perearsthirve.eu\/index.php?rest_route=\/wp\/v2\/pages\/68\/revisions"}],"predecessor-version":[{"id":151,"href":"https:\/\/perearsthirve.eu\/index.php?rest_route=\/wp\/v2\/pages\/68\/revisions\/151"}],"wp:attachment":[{"href":"https:\/\/perearsthirve.eu\/index.php?rest_route=%2Fwp%2Fv2%2Fmedia&parent=68"}],"curies":[{"name":"wp","href":"https:\/\/api.w.org\/{rel}","templated":true}]}}