{"id":70,"date":"2022-08-14T08:00:00","date_gmt":"2022-08-14T08:00:00","guid":{"rendered":"https:\/\/perearsthirve.eu\/?page_id=70"},"modified":"2022-09-02T16:45:20","modified_gmt":"2022-09-02T16:45:20","slug":"telefoni-teel-noustamine","status":"publish","type":"page","link":"https:\/\/perearsthirve.eu\/?page_id=70","title":{"rendered":"Telefoni teel n\u00f5ustamine"},"content":{"rendered":"\n<p>Telefonil on esmakontaktina tavaliselt pere\u00f5de.<br>Nimistu on suur ja sellep\u00e4rast palve helistajale, et m\u00f5elge enne kenasti l\u00e4bi oma<br>k\u00fcsimused, millele vastuseid tahate. Vastuv\u00f5tule registreerimiseks sobiva aja leidmiseks KIIRESTI<br>on hea, kui enne helistamist on v\u00e4lja selgitatud sobivad ajapiirid.<br>Tipptunnil esmasp\u00e4eva hommikuti on telefon sageli h\u00f5ivatud pidevalt ja sellep\u00e4rast on k\u00f5igile helistajatele<br>abiks, kui k\u00f5ned oleks sisuka k\u00fcsimusega ja ei kujuneks &#8220;lobisemiseks&#8221;.<br>Pikemaks k\u00f5neks palun avaldada sellekohast soovi ja teile helistatakse sobival ajal tagasi.<br>Perearstiga telefoni teel EI SAA n\u00f5u pidadada tema vastuv\u00f5tu ajal.<br>Perearstile POLE VAJA helistada vastuv\u00f5tule aja registreerimiseks, v\u00f5i aja t\u00fchistamiseks.<br>Pere\u00f5ele SAAB samuti registreerida vastuv\u00f5tule telefoni teel.<br>TELEFONI KAUDU POLE M\u00d5ISTLIK N\u00d5USTADA AJAMAHUKAID K\u00dcSIMUSI (kaaluprobleemid, suitsetamise , alkoholi, meeleoluh\u00e4iretega seotud probleemid).<br>TELEFONI KAUDU EI OLE V\u00d5IMALIK HINNATA PATSIENDI SEISUNDI RASKUST.<\/p>\n","protected":false},"excerpt":{"rendered":"<p>Telefonil on esmakontaktina tavaliselt pere\u00f5de.Nimistu on suur ja sellep\u00e4rast palve helistajale, et m\u00f5elge enne kenasti l\u00e4bi omak\u00fcsimused, millele vastuseid tahate. Vastuv\u00f5tule registreerimiseks sobiva aja leidmiseks KIIRESTIon hea, kui enne helistamist on v\u00e4lja selgitatud sobivad ajapiirid.Tipptunnil esmasp\u00e4eva hommikuti on telefon sageli h\u00f5ivatud pidevalt ja sellep\u00e4rast on k\u00f5igile helistajateleabiks, kui k\u00f5ned oleks sisuka k\u00fcsimusega ja ei kujuneks&hellip;&nbsp;<a href=\"https:\/\/perearsthirve.eu\/?page_id=70\" class=\"\" rel=\"bookmark\">Read More &raquo;<span class=\"screen-reader-text\">Telefoni teel n\u00f5ustamine<\/span><\/a><\/p>\n","protected":false},"author":1,"featured_media":0,"parent":0,"menu_order":0,"comment_status":"closed","ping_status":"closed","template":"","meta":{"_coblocks_attr":"","_coblocks_dimensions":"","_coblocks_responsive_height":"","_coblocks_accordion_ie_support":"","neve_meta_sidebar":"","neve_meta_container":"","neve_meta_enable_content_width":"","neve_meta_content_width":0,"neve_meta_title_alignment":"","neve_meta_author_avatar":"","neve_post_elements_order":"","neve_meta_disable_header":"","neve_meta_disable_footer":"","neve_meta_disable_title":"","footnotes":""},"class_list":["post-70","page","type-page","status-publish","hentry"],"_links":{"self":[{"href":"https:\/\/perearsthirve.eu\/index.php?rest_route=\/wp\/v2\/pages\/70","targetHints":{"allow":["GET"]}}],"collection":[{"href":"https:\/\/perearsthirve.eu\/index.php?rest_route=\/wp\/v2\/pages"}],"about":[{"href":"https:\/\/perearsthirve.eu\/index.php?rest_route=\/wp\/v2\/types\/page"}],"author":[{"embeddable":true,"href":"https:\/\/perearsthirve.eu\/index.php?rest_route=\/wp\/v2\/users\/1"}],"replies":[{"embeddable":true,"href":"https:\/\/perearsthirve.eu\/index.php?rest_route=%2Fwp%2Fv2%2Fcomments&post=70"}],"version-history":[{"count":2,"href":"https:\/\/perearsthirve.eu\/index.php?rest_route=\/wp\/v2\/pages\/70\/revisions"}],"predecessor-version":[{"id":153,"href":"https:\/\/perearsthirve.eu\/index.php?rest_route=\/wp\/v2\/pages\/70\/revisions\/153"}],"wp:attachment":[{"href":"https:\/\/perearsthirve.eu\/index.php?rest_route=%2Fwp%2Fv2%2Fmedia&parent=70"}],"curies":[{"name":"wp","href":"https:\/\/api.w.org\/{rel}","templated":true}]}}