{"id":74,"date":"2022-08-14T08:00:00","date_gmt":"2022-08-14T08:00:00","guid":{"rendered":"https:\/\/perearsthirve.eu\/?page_id=74"},"modified":"2022-09-13T12:45:34","modified_gmt":"2022-09-13T12:45:34","slug":"koduvisiidid","status":"publish","type":"page","link":"https:\/\/perearsthirve.eu\/?page_id=74","title":{"rendered":"Koduvisiidid"},"content":{"rendered":"\n<p>Telefonis palume kirjeldada l\u00fchidalt probleemi olemust v\u00f5i p\u00f5hjust, miks koduvisiiti soovitakse. Koduvisiidi vajaduse \u00fcle otsustab arst. Koduvisiite teevad perearstid ja pere\u00f5ed p\u00e4rast vastuv\u00f5tu l\u00f5ppemist, seega tuleb arvestada ooteajaga, mis v\u00f5ib m\u00f5nikord ulatuda mitme tunnini. Koduvisiidi maksumus on 5 EUR, alla 2-aastastele lastele on koduvisiit tasuta.<\/p>\n","protected":false},"excerpt":{"rendered":"<p>Telefonis palume kirjeldada l\u00fchidalt probleemi olemust v\u00f5i p\u00f5hjust, miks koduvisiiti soovitakse. Koduvisiidi vajaduse \u00fcle otsustab arst. Koduvisiite teevad perearstid ja pere\u00f5ed p\u00e4rast vastuv\u00f5tu l\u00f5ppemist, seega tuleb arvestada ooteajaga, mis v\u00f5ib m\u00f5nikord ulatuda mitme tunnini. Koduvisiidi maksumus on 5 EUR, alla 2-aastastele lastele on koduvisiit tasuta.<\/p>\n","protected":false},"author":1,"featured_media":0,"parent":0,"menu_order":0,"comment_status":"closed","ping_status":"closed","template":"","meta":{"_coblocks_attr":"","_coblocks_dimensions":"","_coblocks_responsive_height":"","_coblocks_accordion_ie_support":"","neve_meta_sidebar":"","neve_meta_container":"","neve_meta_enable_content_width":"","neve_meta_content_width":0,"neve_meta_title_alignment":"","neve_meta_author_avatar":"","neve_post_elements_order":"","neve_meta_disable_header":"","neve_meta_disable_footer":"","neve_meta_disable_title":"","footnotes":""},"class_list":["post-74","page","type-page","status-publish","hentry"],"_links":{"self":[{"href":"https:\/\/perearsthirve.eu\/index.php?rest_route=\/wp\/v2\/pages\/74","targetHints":{"allow":["GET"]}}],"collection":[{"href":"https:\/\/perearsthirve.eu\/index.php?rest_route=\/wp\/v2\/pages"}],"about":[{"href":"https:\/\/perearsthirve.eu\/index.php?rest_route=\/wp\/v2\/types\/page"}],"author":[{"embeddable":true,"href":"https:\/\/perearsthirve.eu\/index.php?rest_route=\/wp\/v2\/users\/1"}],"replies":[{"embeddable":true,"href":"https:\/\/perearsthirve.eu\/index.php?rest_route=%2Fwp%2Fv2%2Fcomments&post=74"}],"version-history":[{"count":3,"href":"https:\/\/perearsthirve.eu\/index.php?rest_route=\/wp\/v2\/pages\/74\/revisions"}],"predecessor-version":[{"id":184,"href":"https:\/\/perearsthirve.eu\/index.php?rest_route=\/wp\/v2\/pages\/74\/revisions\/184"}],"wp:attachment":[{"href":"https:\/\/perearsthirve.eu\/index.php?rest_route=%2Fwp%2Fv2%2Fmedia&parent=74"}],"curies":[{"name":"wp","href":"https:\/\/api.w.org\/{rel}","templated":true}]}}