{"id":76,"date":"2022-08-14T08:00:00","date_gmt":"2022-08-14T08:00:00","guid":{"rendered":"https:\/\/perearsthirve.eu\/?page_id=76"},"modified":"2022-09-02T16:50:55","modified_gmt":"2022-09-02T16:50:55","slug":"digikonsultatsioon","status":"publish","type":"page","link":"https:\/\/perearsthirve.eu\/?page_id=76","title":{"rendered":"Digikonsultatsioon"},"content":{"rendered":"\n<p>Patsiendi soovil on m\u00f5nikord v\u00f5imalik haigusjuhtu osaliselt k\u00e4sitleda e-maili teel. E-maili saatmisel peaks arvestama, et perearst ja pere\u00f5de ei j\u00e4lgi meilikirjavahetust vastuv\u00f5tu ajal ja meilile vastamine v\u00f5ib j\u00e4\u00e4da ka j\u00e4rgmisse t\u00f6\u00f6p\u00e4eva.<br>Meilile vastatakse reeglina keskuse lahtioleku ajal, sest kehtib n\u00f5ue ka kogu meilikirjavahetuse dokumenteerimise kohta.<\/p>\n","protected":false},"excerpt":{"rendered":"<p>Patsiendi soovil on m\u00f5nikord v\u00f5imalik haigusjuhtu osaliselt k\u00e4sitleda e-maili teel. E-maili saatmisel peaks arvestama, et perearst ja pere\u00f5de ei j\u00e4lgi meilikirjavahetust vastuv\u00f5tu ajal ja meilile vastamine v\u00f5ib j\u00e4\u00e4da ka j\u00e4rgmisse t\u00f6\u00f6p\u00e4eva.Meilile vastatakse reeglina keskuse lahtioleku ajal, sest kehtib n\u00f5ue ka kogu meilikirjavahetuse dokumenteerimise kohta.<\/p>\n","protected":false},"author":1,"featured_media":0,"parent":0,"menu_order":0,"comment_status":"closed","ping_status":"closed","template":"","meta":{"_coblocks_attr":"","_coblocks_dimensions":"","_coblocks_responsive_height":"","_coblocks_accordion_ie_support":"","neve_meta_sidebar":"","neve_meta_container":"","neve_meta_enable_content_width":"","neve_meta_content_width":0,"neve_meta_title_alignment":"","neve_meta_author_avatar":"","neve_post_elements_order":"","neve_meta_disable_header":"","neve_meta_disable_footer":"","neve_meta_disable_title":"","footnotes":""},"class_list":["post-76","page","type-page","status-publish","hentry"],"_links":{"self":[{"href":"https:\/\/perearsthirve.eu\/index.php?rest_route=\/wp\/v2\/pages\/76","targetHints":{"allow":["GET"]}}],"collection":[{"href":"https:\/\/perearsthirve.eu\/index.php?rest_route=\/wp\/v2\/pages"}],"about":[{"href":"https:\/\/perearsthirve.eu\/index.php?rest_route=\/wp\/v2\/types\/page"}],"author":[{"embeddable":true,"href":"https:\/\/perearsthirve.eu\/index.php?rest_route=\/wp\/v2\/users\/1"}],"replies":[{"embeddable":true,"href":"https:\/\/perearsthirve.eu\/index.php?rest_route=%2Fwp%2Fv2%2Fcomments&post=76"}],"version-history":[{"count":3,"href":"https:\/\/perearsthirve.eu\/index.php?rest_route=\/wp\/v2\/pages\/76\/revisions"}],"predecessor-version":[{"id":156,"href":"https:\/\/perearsthirve.eu\/index.php?rest_route=\/wp\/v2\/pages\/76\/revisions\/156"}],"wp:attachment":[{"href":"https:\/\/perearsthirve.eu\/index.php?rest_route=%2Fwp%2Fv2%2Fmedia&parent=76"}],"curies":[{"name":"wp","href":"https:\/\/api.w.org\/{rel}","templated":true}]}}