{"id":8,"date":"2022-07-24T10:25:21","date_gmt":"2022-07-24T10:25:21","guid":{"rendered":"https:\/\/perearsthirve.eu\/?page_id=8"},"modified":"2023-04-10T08:11:50","modified_gmt":"2023-04-10T08:11:50","slug":"home","status":"publish","type":"page","link":"https:\/\/perearsthirve.eu\/","title":{"rendered":"Avaleht"},"content":{"rendered":"\n<h2 class=\"wp-block-heading\">Vastuv\u00f5tt<\/h2>\n\n\n\n<p><strong>PEREARST <\/strong>Lilia Hirve vastuv\u00f5tuajad:<\/p>\n\n\n\n<ul class=\"coblocks-animate wp-block-list\" data-coblocks-animation=\"fadeIn\">\n<li><strong>E<\/strong> 14:00-18:00<\/li>\n\n\n\n<li><strong>T<\/strong> 8:00-12:00<\/li>\n\n\n\n<li><strong>K<\/strong> 8:00-12:00<\/li>\n\n\n\n<li><strong>N<\/strong> 8:00-12:00<\/li>\n\n\n\n<li><strong>R<\/strong> 8:00-12:00 (imikutep\u00e4ev doktor Svetlana Bibit\u0161kovaga)<\/li>\n<\/ul>\n\n\n\n<p><strong>PERE\u00d5DEDE<\/strong> Veronika Mikhalchuk ja Jevgenia Savinkina vastuv\u00f5tuajad:<\/p>\n\n\n\n<ul class=\"coblocks-animate wp-block-list\" data-coblocks-animation=\"fadeIn\">\n<li><strong>E<\/strong> 10:00-18:00<\/li>\n\n\n\n<li><strong>T<\/strong> 8:00-16:00<\/li>\n\n\n\n<li><strong>K<\/strong> 8:00-16:00<\/li>\n\n\n\n<li><strong>N<\/strong> 8:00-16:00<\/li>\n\n\n\n<li><strong>R<\/strong> 8:00-16:00<\/li>\n<\/ul>\n\n\n\n<p class=\"coblocks-animate\" data-coblocks-animation=\"fadeIn\">Patsientide vastuv\u00f5tt toimub eelregistreerimisega.<br>Mitme pereliikmega vastuv\u00f5tule tulles palume broneerida iga pereliikme kohta aeg.<\/p>\n\n\n\n<p class=\"coblocks-animate\" data-coblocks-animation=\"fadeIn\"><strong>Vastuv\u00f5tule registreerimine toimub j\u00e4rgmistel telefonidel: <br>+372 601 1525; +372 513 2749<br>Triaa\u017ei tarvis vastab telefonile pere\u00f5de, kes teostab ka esmase n\u00f5ustamise ja vastuv\u00f5tu.<\/strong><\/p>\n\n\n\n<div style=\"height:61px\" aria-hidden=\"true\" class=\"wp-block-spacer\"><\/div>\n\n\n\n<div class=\"wp-block-group is-vertical is-content-justification-center is-layout-flex wp-container-core-group-is-layout-4b2eccd6 wp-block-group-is-layout-flex\"><\/div>\n","protected":false},"excerpt":{"rendered":"<p>Vastuv\u00f5tt PEREARST Lilia Hirve vastuv\u00f5tuajad: PERE\u00d5DEDE Veronika Mikhalchuk ja Jevgenia Savinkina vastuv\u00f5tuajad: Patsientide vastuv\u00f5tt toimub eelregistreerimisega.Mitme pereliikmega vastuv\u00f5tule tulles palume broneerida iga pereliikme kohta aeg. Vastuv\u00f5tule registreerimine toimub j\u00e4rgmistel telefonidel: +372 601 1525; +372 513 2749Triaa\u017ei tarvis vastab telefonile pere\u00f5de, kes teostab ka esmase n\u00f5ustamise ja vastuv\u00f5tu.<\/p>\n","protected":false},"author":1,"featured_media":0,"parent":0,"menu_order":1,"comment_status":"closed","ping_status":"closed","template":"","meta":{"_coblocks_attr":"","_coblocks_dimensions":"","_coblocks_responsive_height":"","_coblocks_accordion_ie_support":"","neve_meta_sidebar":"","neve_meta_container":"","neve_meta_enable_content_width":"","neve_meta_content_width":0,"neve_meta_title_alignment":"","neve_meta_author_avatar":"","neve_post_elements_order":"","neve_meta_disable_header":"","neve_meta_disable_footer":"","neve_meta_disable_title":"","footnotes":""},"class_list":["post-8","page","type-page","status-publish","hentry"],"_links":{"self":[{"href":"https:\/\/perearsthirve.eu\/index.php?rest_route=\/wp\/v2\/pages\/8","targetHints":{"allow":["GET"]}}],"collection":[{"href":"https:\/\/perearsthirve.eu\/index.php?rest_route=\/wp\/v2\/pages"}],"about":[{"href":"https:\/\/perearsthirve.eu\/index.php?rest_route=\/wp\/v2\/types\/page"}],"author":[{"embeddable":true,"href":"https:\/\/perearsthirve.eu\/index.php?rest_route=\/wp\/v2\/users\/1"}],"replies":[{"embeddable":true,"href":"https:\/\/perearsthirve.eu\/index.php?rest_route=%2Fwp%2Fv2%2Fcomments&post=8"}],"version-history":[{"count":10,"href":"https:\/\/perearsthirve.eu\/index.php?rest_route=\/wp\/v2\/pages\/8\/revisions"}],"predecessor-version":[{"id":189,"href":"https:\/\/perearsthirve.eu\/index.php?rest_route=\/wp\/v2\/pages\/8\/revisions\/189"}],"wp:attachment":[{"href":"https:\/\/perearsthirve.eu\/index.php?rest_route=%2Fwp%2Fv2%2Fmedia&parent=8"}],"curies":[{"name":"wp","href":"https:\/\/api.w.org\/{rel}","templated":true}]}}