{"id":82,"date":"2022-08-14T08:00:00","date_gmt":"2022-08-14T08:00:00","guid":{"rendered":"https:\/\/perearsthirve.eu\/?page_id=82"},"modified":"2022-09-02T17:00:53","modified_gmt":"2022-09-02T17:00:53","slug":"muud-toendid","status":"publish","type":"page","link":"https:\/\/perearsthirve.eu\/?page_id=82","title":{"rendered":"Muud t\u00f5endid"},"content":{"rendered":"\n<p>Kooli puudumist\u00f5endeid perearstid ei v\u00e4ljasta P\u00f5hikooli- ja g\u00fcmnaasiumiseaduse paragrahv 36 alusel. Puudumist\u00f5endeid v\u00e4ljastavad lapsevanemad.<br>Laagritesse (laste-, spordi-, puhke- vm laagritesse) terviset\u00f5endeid ei v\u00e4ljastata. Vastavalt sotsiaalministri m\u00e4\u00e4rusele &#8220;Tervisekaitsen\u00f5uded noorte p\u00fcsilaagritele&#8221; teavitab laagri juhatajat lapse terviseh\u00e4iretest ja vajalikest eritingimustest lapsevanem. Seega julgustame k\u00f5iki lapsevanemaid laagrit\u00f5endeid ise v\u00e4lja kirjutama. Soovi korral v\u00f5ite kasutada meie n\u00e4idisdokumenti (vt allpool).<br>Igasugused muud t\u00f5endid ja dokumendid, mille v\u00e4ljastamine pole seadusandlusega n\u00f5utud, on tasulised.<\/p>\n","protected":false},"excerpt":{"rendered":"<p>Kooli puudumist\u00f5endeid perearstid ei v\u00e4ljasta P\u00f5hikooli- ja g\u00fcmnaasiumiseaduse paragrahv 36 alusel. Puudumist\u00f5endeid v\u00e4ljastavad lapsevanemad.Laagritesse (laste-, spordi-, puhke- vm laagritesse) terviset\u00f5endeid ei v\u00e4ljastata. Vastavalt sotsiaalministri m\u00e4\u00e4rusele &#8220;Tervisekaitsen\u00f5uded noorte p\u00fcsilaagritele&#8221; teavitab laagri juhatajat lapse terviseh\u00e4iretest ja vajalikest eritingimustest lapsevanem. Seega julgustame k\u00f5iki lapsevanemaid laagrit\u00f5endeid ise v\u00e4lja kirjutama. Soovi korral v\u00f5ite kasutada meie n\u00e4idisdokumenti (vt allpool).Igasugused muud t\u00f5endid&hellip;&nbsp;<a href=\"https:\/\/perearsthirve.eu\/?page_id=82\" class=\"\" rel=\"bookmark\">Read More &raquo;<span class=\"screen-reader-text\">Muud t\u00f5endid<\/span><\/a><\/p>\n","protected":false},"author":1,"featured_media":0,"parent":0,"menu_order":0,"comment_status":"closed","ping_status":"closed","template":"","meta":{"_coblocks_attr":"","_coblocks_dimensions":"","_coblocks_responsive_height":"","_coblocks_accordion_ie_support":"","neve_meta_sidebar":"","neve_meta_container":"","neve_meta_enable_content_width":"","neve_meta_content_width":0,"neve_meta_title_alignment":"","neve_meta_author_avatar":"","neve_post_elements_order":"","neve_meta_disable_header":"","neve_meta_disable_footer":"","neve_meta_disable_title":"","footnotes":""},"class_list":["post-82","page","type-page","status-publish","hentry"],"_links":{"self":[{"href":"https:\/\/perearsthirve.eu\/index.php?rest_route=\/wp\/v2\/pages\/82","targetHints":{"allow":["GET"]}}],"collection":[{"href":"https:\/\/perearsthirve.eu\/index.php?rest_route=\/wp\/v2\/pages"}],"about":[{"href":"https:\/\/perearsthirve.eu\/index.php?rest_route=\/wp\/v2\/types\/page"}],"author":[{"embeddable":true,"href":"https:\/\/perearsthirve.eu\/index.php?rest_route=\/wp\/v2\/users\/1"}],"replies":[{"embeddable":true,"href":"https:\/\/perearsthirve.eu\/index.php?rest_route=%2Fwp%2Fv2%2Fcomments&post=82"}],"version-history":[{"count":2,"href":"https:\/\/perearsthirve.eu\/index.php?rest_route=\/wp\/v2\/pages\/82\/revisions"}],"predecessor-version":[{"id":161,"href":"https:\/\/perearsthirve.eu\/index.php?rest_route=\/wp\/v2\/pages\/82\/revisions\/161"}],"wp:attachment":[{"href":"https:\/\/perearsthirve.eu\/index.php?rest_route=%2Fwp%2Fv2%2Fmedia&parent=82"}],"curies":[{"name":"wp","href":"https:\/\/api.w.org\/{rel}","templated":true}]}}