{"id":85,"date":"2022-08-14T08:00:00","date_gmt":"2022-08-14T08:00:00","guid":{"rendered":"https:\/\/perearsthirve.eu\/?page_id=85"},"modified":"2022-09-02T17:09:23","modified_gmt":"2022-09-02T17:09:23","slug":"pusiva-toovoimetuse-ja-voi-puude-taotlemine","status":"publish","type":"page","link":"https:\/\/perearsthirve.eu\/?page_id=85","title":{"rendered":"P\u00fcsiva t\u00f6\u00f6v\u00f5imetuse ja\/v\u00f5i puude taotlemine"},"content":{"rendered":"\n<p class=\"has-nv-dark-bg-color has-text-color\">NB! MUUTUNUD ON T\u00d6\u00d6V\u00d5IME HINDAMISPROTSESS, PALUME P\u00d6\u00d6RDUDA <a href=\"https:\/\/www.tootukassa.ee\/et\/kontaktid\/esindused\/tallinn-ja-harjumaa\">T\u00d6\u00d6TUKASSASSE<\/a>!<br>P\u00fcsiva t\u00f6\u00f6v\u00f5imetuse ja\/v\u00f5i puude vormistamiseks on patsiendil v\u00f5i tema esindajal tarvis teha j\u00e4rgmist:<br>Esiteks: t\u00e4ita ekspertiisitaotluse blankett. Blanketti on v\u00f5imalik arvutist v\u00e4lja printida ja postiga saata. Samuti v\u00f5ib blanketi saada raamatukese kujul Sotsiaalkindlustusameti klienditeenindusest<br>Endla 8, 15092 Tallinn<br>Infotelefon: 16106 v\u00f5i 612 1360<br>Faks: 664 0101<br>E-post: tallinn@sotsiaalkindlustusamet.ee<br>Klientide vastuv\u00f5tt: E 8:30-18.00, T-N 8:30-16:30, R 8:30 \u2013 13:00.<br>Vajadusel abistavad taotluse t\u00e4itmisel Sotsiaalkindlustusameti klienditeenindajad.<br>Teiseks: k\u00e4ia perearsti vastuv\u00f5tul, kui seda pole viimase kolme kuu jooksul tehtud. Perearst paneb l\u00fchidalt kirja patsiendi t\u00e4htsamad kaebused ja teostab objektiivse l\u00e4bivaatuse.<br>Kolmandaks on tarvis, et e-terviseloos oleks olemas k\u00f5ik asjasse puutuvad eriarstide konsultatsioonide ja uuringute otsused ning haigla v\u00e4ljav\u00f5tted. P\u00e4rast seda, kui perearst on omalt poolt dokumendid e-terviseloole saatnud, vaadatakse seal l\u00e4bi nii patsiendi kui perearsti t\u00e4idetud dokumendid. Otsus p\u00fcsiva t\u00f6\u00f6v\u00f5imetuse ja\/v\u00f5i puude astme m\u00e4\u00e4ramise kohta tuleb patsiendile kirjalikult postiga ning perearstile kirjalikult v\u00f5i digitaalselt.<\/p>\n","protected":false},"excerpt":{"rendered":"<p>NB! MUUTUNUD ON T\u00d6\u00d6V\u00d5IME HINDAMISPROTSESS, PALUME P\u00d6\u00d6RDUDA T\u00d6\u00d6TUKASSASSE!P\u00fcsiva t\u00f6\u00f6v\u00f5imetuse ja\/v\u00f5i puude vormistamiseks on patsiendil v\u00f5i tema esindajal tarvis teha j\u00e4rgmist:Esiteks: t\u00e4ita ekspertiisitaotluse blankett. Blanketti on v\u00f5imalik arvutist v\u00e4lja printida ja postiga saata. Samuti v\u00f5ib blanketi saada raamatukese kujul Sotsiaalkindlustusameti klienditeenindusestEndla 8, 15092 TallinnInfotelefon: 16106 v\u00f5i 612 1360Faks: 664 0101E-post: tallinn@sotsiaalkindlustusamet.eeKlientide vastuv\u00f5tt: E 8:30-18.00, T-N 8:30-16:30,&hellip;&nbsp;<a href=\"https:\/\/perearsthirve.eu\/?page_id=85\" class=\"\" rel=\"bookmark\">Read More &raquo;<span class=\"screen-reader-text\">P\u00fcsiva t\u00f6\u00f6v\u00f5imetuse ja\/v\u00f5i puude taotlemine<\/span><\/a><\/p>\n","protected":false},"author":1,"featured_media":0,"parent":0,"menu_order":0,"comment_status":"closed","ping_status":"closed","template":"","meta":{"_coblocks_attr":"","_coblocks_dimensions":"","_coblocks_responsive_height":"","_coblocks_accordion_ie_support":"","neve_meta_sidebar":"","neve_meta_container":"","neve_meta_enable_content_width":"","neve_meta_content_width":0,"neve_meta_title_alignment":"","neve_meta_author_avatar":"","neve_post_elements_order":"","neve_meta_disable_header":"","neve_meta_disable_footer":"","neve_meta_disable_title":"","footnotes":""},"class_list":["post-85","page","type-page","status-publish","hentry"],"_links":{"self":[{"href":"https:\/\/perearsthirve.eu\/index.php?rest_route=\/wp\/v2\/pages\/85","targetHints":{"allow":["GET"]}}],"collection":[{"href":"https:\/\/perearsthirve.eu\/index.php?rest_route=\/wp\/v2\/pages"}],"about":[{"href":"https:\/\/perearsthirve.eu\/index.php?rest_route=\/wp\/v2\/types\/page"}],"author":[{"embeddable":true,"href":"https:\/\/perearsthirve.eu\/index.php?rest_route=\/wp\/v2\/users\/1"}],"replies":[{"embeddable":true,"href":"https:\/\/perearsthirve.eu\/index.php?rest_route=%2Fwp%2Fv2%2Fcomments&post=85"}],"version-history":[{"count":3,"href":"https:\/\/perearsthirve.eu\/index.php?rest_route=\/wp\/v2\/pages\/85\/revisions"}],"predecessor-version":[{"id":164,"href":"https:\/\/perearsthirve.eu\/index.php?rest_route=\/wp\/v2\/pages\/85\/revisions\/164"}],"wp:attachment":[{"href":"https:\/\/perearsthirve.eu\/index.php?rest_route=%2Fwp%2Fv2%2Fmedia&parent=85"}],"curies":[{"name":"wp","href":"https:\/\/api.w.org\/{rel}","templated":true}]}}