{"id":89,"date":"2022-08-14T08:00:00","date_gmt":"2022-08-14T08:00:00","guid":{"rendered":"https:\/\/perearsthirve.eu\/?page_id=89"},"modified":"2022-09-02T17:12:16","modified_gmt":"2022-09-02T17:12:16","slug":"eriarsti-vastuvotule-minek","status":"publish","type":"page","link":"https:\/\/perearsthirve.eu\/?page_id=89","title":{"rendered":"Eriarsti vastuv\u00f5tule minek"},"content":{"rendered":"\n<p>Eriarsti vastuv\u00f5tule suunamise vajaduse otsustab perearst. Reeglina ei v\u00e4ljasta perearst saatekirja eriarsti vastuv\u00f5tule ilma patsienti n\u00e4gemata. Erandiks on kroonilisi haigusi p\u00f5devad ja eriarsti juures p\u00fcsivalt j\u00e4lgimisel olevad patsiendid, kuid ka sellistel patsientidel on sageli vaja enne eriarsti juurde suunamist teha perearsti juures lihtsamad uuringud v\u00f5i anal\u00fc\u00fcsid. Seega, saatekirja saamiseks on vajalik registreeruda perearsti vastuv\u00f5tule, kui kokku ei ole lepitud teisiti.<br><strong>Ilma<\/strong> perearsti saatekirjata v\u00f5ib p\u00f6\u00f6rduda j\u00e4rgmiste erialade spetsialisti vastuv\u00f5tule: hambaarst, silmaarst, ps\u00fchhiaater, naha- ja suguhaiguste arst, naistearst, meestearst, ftisiaater ning v\u00e4rskete traumade korral traumatoloog v\u00f5i kirurg. Teiste erialade arstide vastuv\u00f5tule on v\u00f5imalik ilma saatekirjata omal initsiatiivil registreeruda tasulisele vastuv\u00f5tule.<br>Eriarsti juurde minekuks tasub valmistuda samamoodi nagu perearsti vastuv\u00f5tule tulles (t\u00e4htsamad k\u00fcsimused kirjas, raviskeem kaasas, lahtiriietumine mugav).<br>P\u00e4rast eriarsti vastuv\u00f5tul k\u00e4imist palume alati konsultatsiooni otsus perearstile tuua v\u00f5i lasta see saata e-terviselukku. Samuti v\u00e4ljav\u00f5tted haiglaravilt.<\/p>\n","protected":false},"excerpt":{"rendered":"<p>Eriarsti vastuv\u00f5tule suunamise vajaduse otsustab perearst. Reeglina ei v\u00e4ljasta perearst saatekirja eriarsti vastuv\u00f5tule ilma patsienti n\u00e4gemata. Erandiks on kroonilisi haigusi p\u00f5devad ja eriarsti juures p\u00fcsivalt j\u00e4lgimisel olevad patsiendid, kuid ka sellistel patsientidel on sageli vaja enne eriarsti juurde suunamist teha perearsti juures lihtsamad uuringud v\u00f5i anal\u00fc\u00fcsid. Seega, saatekirja saamiseks on vajalik registreeruda perearsti vastuv\u00f5tule, kui&hellip;&nbsp;<a href=\"https:\/\/perearsthirve.eu\/?page_id=89\" class=\"\" rel=\"bookmark\">Read More &raquo;<span class=\"screen-reader-text\">Eriarsti vastuv\u00f5tule minek<\/span><\/a><\/p>\n","protected":false},"author":1,"featured_media":0,"parent":0,"menu_order":0,"comment_status":"closed","ping_status":"closed","template":"","meta":{"_coblocks_attr":"","_coblocks_dimensions":"","_coblocks_responsive_height":"","_coblocks_accordion_ie_support":"","neve_meta_sidebar":"","neve_meta_container":"","neve_meta_enable_content_width":"","neve_meta_content_width":0,"neve_meta_title_alignment":"","neve_meta_author_avatar":"","neve_post_elements_order":"","neve_meta_disable_header":"","neve_meta_disable_footer":"","neve_meta_disable_title":"","footnotes":""},"class_list":["post-89","page","type-page","status-publish","hentry"],"_links":{"self":[{"href":"https:\/\/perearsthirve.eu\/index.php?rest_route=\/wp\/v2\/pages\/89","targetHints":{"allow":["GET"]}}],"collection":[{"href":"https:\/\/perearsthirve.eu\/index.php?rest_route=\/wp\/v2\/pages"}],"about":[{"href":"https:\/\/perearsthirve.eu\/index.php?rest_route=\/wp\/v2\/types\/page"}],"author":[{"embeddable":true,"href":"https:\/\/perearsthirve.eu\/index.php?rest_route=\/wp\/v2\/users\/1"}],"replies":[{"embeddable":true,"href":"https:\/\/perearsthirve.eu\/index.php?rest_route=%2Fwp%2Fv2%2Fcomments&post=89"}],"version-history":[{"count":2,"href":"https:\/\/perearsthirve.eu\/index.php?rest_route=\/wp\/v2\/pages\/89\/revisions"}],"predecessor-version":[{"id":167,"href":"https:\/\/perearsthirve.eu\/index.php?rest_route=\/wp\/v2\/pages\/89\/revisions\/167"}],"wp:attachment":[{"href":"https:\/\/perearsthirve.eu\/index.php?rest_route=%2Fwp%2Fv2%2Fmedia&parent=89"}],"curies":[{"name":"wp","href":"https:\/\/api.w.org\/{rel}","templated":true}]}}