{"id":93,"date":"2022-08-14T08:00:00","date_gmt":"2022-08-14T08:00:00","guid":{"rendered":"https:\/\/perearsthirve.eu\/?page_id=93"},"modified":"2022-09-02T17:14:43","modified_gmt":"2022-09-02T17:14:43","slug":"ravikindlustuseta-isikud","status":"publish","type":"page","link":"https:\/\/perearsthirve.eu\/?page_id=93","title":{"rendered":"Ravikindlustuseta isikud"},"content":{"rendered":"\n<p>Ka ravikindlustuseta isikutel on perearst. Ravikindlustuseta isikutel on v\u00f5imalus pere- ja eriarstiabi saada selle eest ise tasudes. Tallinna linnas on korraldatud Tallinna linna kodanikele, kes on kindlustamata Kopli polikliinikus, aadressil S\u00f5le 63, telefon +372 6261314.<br>Abi osutatakse esmasp\u00e4eval, kolmap\u00e4eval ja neljap\u00e4eval kella 10-18 ning teisip\u00e4eval ja reedel kella 8-16. Patsiente v\u00f5tavad vastu arst-kirurg ja \u00f5de.<br>V\u00e4ltimatu abi (seisundis, kus on oht patsiendi elu v\u00f5i j\u00e4seme\/organi kaotuseks) on ravikindlustuseta isikutele tasuta.<br>Vaata ka sotsiaalministri m\u00e4\u00e4rust: Perearsti nimistusse mittekuuluvatele isikutele \u00fcldarstiabi eest tasumise kord.<br>Ravikindlustuse olemasolu ja oma perearsti nime saab kontrollida Riigiportaalis eesti.ee<\/p>\n","protected":false},"excerpt":{"rendered":"<p>Ka ravikindlustuseta isikutel on perearst. Ravikindlustuseta isikutel on v\u00f5imalus pere- ja eriarstiabi saada selle eest ise tasudes. Tallinna linnas on korraldatud Tallinna linna kodanikele, kes on kindlustamata Kopli polikliinikus, aadressil S\u00f5le 63, telefon +372 6261314.Abi osutatakse esmasp\u00e4eval, kolmap\u00e4eval ja neljap\u00e4eval kella 10-18 ning teisip\u00e4eval ja reedel kella 8-16. Patsiente v\u00f5tavad vastu arst-kirurg ja \u00f5de.V\u00e4ltimatu abi&hellip;&nbsp;<a href=\"https:\/\/perearsthirve.eu\/?page_id=93\" class=\"\" rel=\"bookmark\">Read More &raquo;<span class=\"screen-reader-text\">Ravikindlustuseta isikud<\/span><\/a><\/p>\n","protected":false},"author":1,"featured_media":0,"parent":0,"menu_order":0,"comment_status":"closed","ping_status":"closed","template":"","meta":{"_coblocks_attr":"","_coblocks_dimensions":"","_coblocks_responsive_height":"","_coblocks_accordion_ie_support":"","neve_meta_sidebar":"","neve_meta_container":"","neve_meta_enable_content_width":"","neve_meta_content_width":0,"neve_meta_title_alignment":"","neve_meta_author_avatar":"","neve_post_elements_order":"","neve_meta_disable_header":"","neve_meta_disable_footer":"","neve_meta_disable_title":"","footnotes":""},"class_list":["post-93","page","type-page","status-publish","hentry"],"_links":{"self":[{"href":"https:\/\/perearsthirve.eu\/index.php?rest_route=\/wp\/v2\/pages\/93","targetHints":{"allow":["GET"]}}],"collection":[{"href":"https:\/\/perearsthirve.eu\/index.php?rest_route=\/wp\/v2\/pages"}],"about":[{"href":"https:\/\/perearsthirve.eu\/index.php?rest_route=\/wp\/v2\/types\/page"}],"author":[{"embeddable":true,"href":"https:\/\/perearsthirve.eu\/index.php?rest_route=\/wp\/v2\/users\/1"}],"replies":[{"embeddable":true,"href":"https:\/\/perearsthirve.eu\/index.php?rest_route=%2Fwp%2Fv2%2Fcomments&post=93"}],"version-history":[{"count":2,"href":"https:\/\/perearsthirve.eu\/index.php?rest_route=\/wp\/v2\/pages\/93\/revisions"}],"predecessor-version":[{"id":144,"href":"https:\/\/perearsthirve.eu\/index.php?rest_route=\/wp\/v2\/pages\/93\/revisions\/144"}],"wp:attachment":[{"href":"https:\/\/perearsthirve.eu\/index.php?rest_route=%2Fwp%2Fv2%2Fmedia&parent=93"}],"curies":[{"name":"wp","href":"https:\/\/api.w.org\/{rel}","templated":true}]}}